{"id":14165,"date":"2023-10-11T21:36:54","date_gmt":"2023-10-11T21:36:54","guid":{"rendered":"https:\/\/present-es.com\/politique-de-confidentialite\/"},"modified":"2023-10-11T21:50:57","modified_gmt":"2023-10-11T21:50:57","slug":"privacy-policy","status":"publish","type":"page","link":"https:\/\/present-es.com\/en\/privacy-policy\/","title":{"rendered":"Privacy policy"},"content":{"rendered":"\t\t<div data-elementor-type=\"wp-page\" data-elementor-id=\"14165\" class=\"elementor elementor-14165 elementor-14159\">\n\t\t\t\t\t\t\t\t\t<section class=\"elementor-section elementor-top-section elementor-element elementor-element-eeea208 elementor-section-boxed elementor-section-height-default elementor-section-height-default qodef-backgound-letter-holder-no qodef-elementor-content-no\" data-id=\"eeea208\" data-element_type=\"section\">\n\t\t\t\t\t\t<div class=\"elementor-container elementor-column-gap-default\">\n\t\t\t\t\t<div class=\"elementor-column elementor-col-100 elementor-top-column elementor-element elementor-element-f151ddd\" data-id=\"f151ddd\" data-element_type=\"column\">\n\t\t\t<div class=\"elementor-widget-wrap elementor-element-populated\">\n\t\t\t\t\t\t\t\t<div class=\"elementor-element elementor-element-23ed88e elementor-widget elementor-widget-heading\" data-id=\"23ed88e\" data-element_type=\"widget\" data-widget_type=\"heading.default\">\n\t\t\t\t<div class=\"elementor-widget-container\">\n\t\t\t<style>\/*! elementor - v3.16.0 - 09-10-2023 *\/\n.elementor-heading-title{padding:0;margin:0;line-height:1}.elementor-widget-heading .elementor-heading-title[class*=elementor-size-]>a{color:inherit;font-size:inherit;line-height:inherit}.elementor-widget-heading .elementor-heading-title.elementor-size-small{font-size:15px}.elementor-widget-heading .elementor-heading-title.elementor-size-medium{font-size:19px}.elementor-widget-heading .elementor-heading-title.elementor-size-large{font-size:29px}.elementor-widget-heading .elementor-heading-title.elementor-size-xl{font-size:39px}.elementor-widget-heading .elementor-heading-title.elementor-size-xxl{font-size:59px}<\/style><h1 class=\"elementor-heading-title elementor-size-default\">Politique de confidentialit\u00e9<\/h1>\t\t<\/div>\n\t\t\t\t<\/div>\n\t\t\t\t\t<\/div>\n\t\t<\/div>\n\t\t\t\t\t\t\t<\/div>\n\t\t<\/section>\n\t\t\t\t<section class=\"elementor-section elementor-top-section elementor-element elementor-element-eee262c elementor-section-boxed elementor-section-height-default elementor-section-height-default qodef-backgound-letter-holder-no qodef-elementor-content-no\" data-id=\"eee262c\" data-element_type=\"section\">\n\t\t\t\t\t\t<div class=\"elementor-container elementor-column-gap-default\">\n\t\t\t\t\t<div class=\"elementor-column elementor-col-100 elementor-top-column elementor-element elementor-element-09d77b8\" data-id=\"09d77b8\" data-element_type=\"column\">\n\t\t\t<div class=\"elementor-widget-wrap elementor-element-populated\">\n\t\t\t\t\t\t\t\t<div class=\"elementor-element elementor-element-28592ed elementor-widget-divider--view-line elementor-widget elementor-widget-divider\" data-id=\"28592ed\" data-element_type=\"widget\" data-widget_type=\"divider.default\">\n\t\t\t\t<div class=\"elementor-widget-container\">\n\t\t\t<style>\/*! elementor - v3.16.0 - 09-10-2023 *\/\n.elementor-widget-divider{--divider-border-style:none;--divider-border-width:1px;--divider-color:#0c0d0e;--divider-icon-size:20px;--divider-element-spacing:10px;--divider-pattern-height:24px;--divider-pattern-size:20px;--divider-pattern-url:none;--divider-pattern-repeat:repeat-x}.elementor-widget-divider .elementor-divider{display:flex}.elementor-widget-divider .elementor-divider__text{font-size:15px;line-height:1;max-width:95%}.elementor-widget-divider .elementor-divider__element{margin:0 var(--divider-element-spacing);flex-shrink:0}.elementor-widget-divider .elementor-icon{font-size:var(--divider-icon-size)}.elementor-widget-divider .elementor-divider-separator{display:flex;margin:0;direction:ltr}.elementor-widget-divider--view-line_icon .elementor-divider-separator,.elementor-widget-divider--view-line_text .elementor-divider-separator{align-items:center}.elementor-widget-divider--view-line_icon .elementor-divider-separator:after,.elementor-widget-divider--view-line_icon .elementor-divider-separator:before,.elementor-widget-divider--view-line_text .elementor-divider-separator:after,.elementor-widget-divider--view-line_text .elementor-divider-separator:before{display:block;content:\"\";border-bottom:0;flex-grow:1;border-top:var(--divider-border-width) var(--divider-border-style) var(--divider-color)}.elementor-widget-divider--element-align-left .elementor-divider .elementor-divider-separator>.elementor-divider__svg:first-of-type{flex-grow:0;flex-shrink:100}.elementor-widget-divider--element-align-left .elementor-divider-separator:before{content:none}.elementor-widget-divider--element-align-left .elementor-divider__element{margin-left:0}.elementor-widget-divider--element-align-right .elementor-divider .elementor-divider-separator>.elementor-divider__svg:last-of-type{flex-grow:0;flex-shrink:100}.elementor-widget-divider--element-align-right .elementor-divider-separator:after{content:none}.elementor-widget-divider--element-align-right .elementor-divider__element{margin-right:0}.elementor-widget-divider:not(.elementor-widget-divider--view-line_text):not(.elementor-widget-divider--view-line_icon) .elementor-divider-separator{border-top:var(--divider-border-width) var(--divider-border-style) var(--divider-color)}.elementor-widget-divider--separator-type-pattern{--divider-border-style:none}.elementor-widget-divider--separator-type-pattern.elementor-widget-divider--view-line .elementor-divider-separator,.elementor-widget-divider--separator-type-pattern:not(.elementor-widget-divider--view-line) .elementor-divider-separator:after,.elementor-widget-divider--separator-type-pattern:not(.elementor-widget-divider--view-line) .elementor-divider-separator:before,.elementor-widget-divider--separator-type-pattern:not([class*=elementor-widget-divider--view]) .elementor-divider-separator{width:100%;min-height:var(--divider-pattern-height);-webkit-mask-size:var(--divider-pattern-size) 100%;mask-size:var(--divider-pattern-size) 100%;-webkit-mask-repeat:var(--divider-pattern-repeat);mask-repeat:var(--divider-pattern-repeat);background-color:var(--divider-color);-webkit-mask-image:var(--divider-pattern-url);mask-image:var(--divider-pattern-url)}.elementor-widget-divider--no-spacing{--divider-pattern-size:auto}.elementor-widget-divider--bg-round{--divider-pattern-repeat:round}.rtl .elementor-widget-divider .elementor-divider__text{direction:rtl}.e-con-inner>.elementor-widget-divider,.e-con>.elementor-widget-divider{width:var(--container-widget-width,100%);--flex-grow:var(--container-widget-flex-grow)}<\/style>\t\t<div class=\"elementor-divider\">\n\t\t\t<span class=\"elementor-divider-separator\">\n\t\t\t\t\t\t<\/span>\n\t\t<\/div>\n\t\t\t\t<\/div>\n\t\t\t\t<\/div>\n\t\t\t\t\t<\/div>\n\t\t<\/div>\n\t\t\t\t\t\t\t<\/div>\n\t\t<\/section>\n\t\t\t\t<section class=\"elementor-section elementor-top-section elementor-element elementor-element-31aa62a elementor-section-boxed elementor-section-height-default elementor-section-height-default qodef-backgound-letter-holder-no qodef-elementor-content-no\" data-id=\"31aa62a\" data-element_type=\"section\">\n\t\t\t\t\t\t<div class=\"elementor-container elementor-column-gap-default\">\n\t\t\t\t\t<div class=\"elementor-column elementor-col-100 elementor-top-column elementor-element elementor-element-e3ecb7f\" data-id=\"e3ecb7f\" data-element_type=\"column\">\n\t\t\t<div class=\"elementor-widget-wrap elementor-element-populated\">\n\t\t\t\t\t\t\t\t<div class=\"elementor-element elementor-element-3a0d3e1 elementor-widget elementor-widget-text-editor\" data-id=\"3a0d3e1\" data-element_type=\"widget\" data-widget_type=\"text-editor.default\">\n\t\t\t\t<div class=\"elementor-widget-container\">\n\t\t\t<style>\/*! elementor - v3.16.0 - 09-10-2023 *\/\n.elementor-widget-text-editor.elementor-drop-cap-view-stacked .elementor-drop-cap{background-color:#69727d;color:#fff}.elementor-widget-text-editor.elementor-drop-cap-view-framed .elementor-drop-cap{color:#69727d;border:3px solid;background-color:transparent}.elementor-widget-text-editor:not(.elementor-drop-cap-view-default) .elementor-drop-cap{margin-top:8px}.elementor-widget-text-editor:not(.elementor-drop-cap-view-default) .elementor-drop-cap-letter{width:1em;height:1em}.elementor-widget-text-editor .elementor-drop-cap{float:left;text-align:center;line-height:1;font-size:50px}.elementor-widget-text-editor .elementor-drop-cap-letter{display:inline-block}<\/style>\t\t\t\t\t\t\t\t\t\t<\/div>\n\t\t\t\t<\/div>\n\t\t\t\t\t<\/div>\n\t\t<\/div>\n\t\t\t\t\t\t\t<\/div>\n\t\t<\/section>\n\t\t\t\t<section class=\"elementor-section elementor-top-section elementor-element elementor-element-8cbf09d elementor-section-boxed elementor-section-height-default elementor-section-height-default qodef-backgound-letter-holder-no qodef-elementor-content-no\" data-id=\"8cbf09d\" data-element_type=\"section\">\n\t\t\t\t\t\t<div class=\"elementor-container elementor-column-gap-default\">\n\t\t\t\t\t<div class=\"elementor-column elementor-col-100 elementor-top-column elementor-element elementor-element-19affb5\" data-id=\"19affb5\" data-element_type=\"column\">\n\t\t\t<div class=\"elementor-widget-wrap elementor-element-populated\">\n\t\t\t\t\t\t\t\t<div class=\"elementor-element elementor-element-80eaac7 elementor-widget elementor-widget-text-editor\" data-id=\"80eaac7\" data-element_type=\"widget\" data-widget_type=\"text-editor.default\">\n\t\t\t\t<div class=\"elementor-widget-container\">\n\t\t\t\t\t\t\t<div>\n<h3><span style=\"color: #ffffff;\">Introduction<\/span><\/h3>\n<div><span style=\"color: #ffffff;\">Devant le d\u00e9veloppement des nouveaux outils de communication, il est n\u00e9cessaire de porter une attention particuli\u00e8re \u00e0 la protection de la vie priv\u00e9e. C\u2019est pourquoi, nous nous engageons \u00e0 respecter la confidentialit\u00e9 des renseignements personnels que nous collectons.<\/span><\/div>\n<h3><span style=\"color: #ffffff;\">Collecte des renseignements personnels<\/span><\/h3>\n<div><span style=\"color: #ffffff;\">\u2022 Adresse \u00e9lectronique<\/span><\/div>\n<p>&nbsp;<\/p>\n<div><span style=\"color: #ffffff;\">Les renseignements personnels que nous collectons sont recueillis au moyen d\u2019un formulaire pour l\u2019inscription \u00e0 notre infolettre. Nous utilisons \u00e9galement, comme indiqu\u00e9 dans la section suivante, des fichiers t\u00e9moins pour r\u00e9unir des informations vous concernant.<\/span><\/div>\n<h3><span style=\"color: #ffffff;\">Formulaires et interactivit\u00e9:<\/span><\/h3>\n<div><span style=\"color: #ffffff;\">Nous utilisons les renseignements ainsi collect\u00e9s pour les finalit\u00e9s suivantes :<\/span><\/div>\n<div><span style=\"color: #ffffff;\">\u2022 Statistiques<\/span><\/div>\n<div><span style=\"color: #ffffff;\">\u2022 Contact<\/span><\/div><div><span style=\"color: #ffffff;\"><br><\/span><\/div>\n<div><span style=\"color: #ffffff;\">Vos renseignements sont \u00e9galement collect\u00e9s par le biais de l\u2019interactivit\u00e9 pouvant s\u2019\u00e9tablir entre vous et notre site Web et ce, de la fa\u00e7on suivante:<\/span><\/div>\n<div><span style=\"color: #ffffff;\">\u2022 Informations<\/span><\/div>\n<div><span style=\"color: #ffffff;\">\u2022 Statistiques<\/span><\/div>\n<div><span style=\"color: #ffffff;\">\u2022 Contact<\/span><\/div>\n<p>&nbsp;<\/p>\n<h3><span style=\"color: #ffffff;\">Droit d\u2019opposition et de retrait<\/h3><\/div>\n<div><span style=\"color: #ffffff;\">Nous nous engageons \u00e0 vous offrir un droit d\u2019opposition et de retrait quant \u00e0 vos renseignements personnels.<\/span><\/div>\n<p>&nbsp;<\/p>\n<div><span style=\"color: #ffffff;\">Le droit d\u2019opposition s\u2019entend comme \u00e9tant la possibilit\u00e9 offerte aux internautes de refuser que leurs renseignements personnels soient utilis\u00e9s \u00e0 certaines fins mentionn\u00e9es lors de la collecte.<\/span><\/div>\n<p>&nbsp;<\/p>\n<div><span style=\"color: #ffffff;\">Le droit de retrait s\u2019entend comme \u00e9tant la possibilit\u00e9 offerte aux internautes de demander \u00e0 ce que leurs renseignements personnels ne figurent plus, par exemple, dans une liste de diffusion.<\/span><\/div>\n<p>&nbsp;<\/p>\n<div><span style=\"color: #ffffff;\">Pour pouvoir exercer ces droits, vous pouvez :<\/span><\/div>\n<p>&nbsp;<\/p>\n<div><span style=\"color: #ffffff;\">Courriel : ivpsa@ivpsa.ulaval.ca<\/span><\/div>\n<p>&nbsp;<\/p>\n<h3><span style=\"color: #ffffff;\">Droit d\u2019acc\u00e8s<\/span><\/h3>\n<div><span style=\"color: #ffffff;\">Nous nous engageons \u00e0 reconna\u00eetre un droit d\u2019acc\u00e8s et de rectification aux personnes concern\u00e9es d\u00e9sireuses de consulter, modifier, voire radier les informations les concernant.<\/span><\/div>\n<p>&nbsp;<\/p>\n<div><span style=\"color: #ffffff;\">L\u2019exercice de ce droit se fera au :<\/span><\/div>\n<p>&nbsp;<\/p>\n<div><span style=\"color: #ffffff;\">H\u00f4pital Saint-Sacrement<\/span><\/div>\n<div><span style=\"color: #ffffff;\">1050 chemin Sainte-Foy<\/span><\/div>\n<div><span style=\"color: #ffffff;\">Qu\u00e9bec (Qu\u00e9bec) G1S4L8<\/span><\/div>\n<p>&nbsp;<\/p>\n<div><span style=\"color: #ffffff;\">Pour toute question ou pour nous joindre :<\/span><\/div>\n<p>&nbsp;<\/p>\n<div><span style=\"color: #ffffff;\">Courriel : ivpsa@ivpsa.ulaval.ca<\/span><\/div>\n<div><span style=\"color: #ffffff;\">T\u00e9l\u00e9phone : 418 682-7511<\/span><\/div>\n<p>&nbsp;<\/p>\n<h3><span style=\"color: #ffffff;\">S\u00e9curit\u00e9<\/span><\/h3>\n<div><span style=\"color: #ffffff;\">Les renseignements personnels que nous collectons sont conserv\u00e9s dans un environnement s\u00e9curis\u00e9. Les personnes travaillant pour nous sont tenues de respecter la confidentialit\u00e9 de vos informations.<\/span><\/div>\n<p>&nbsp;<\/p>\n<div><span style=\"color: #ffffff;\">Pour assurer la s\u00e9curit\u00e9 de vos renseignements personnels, nous avons recours aux mesures suivantes :<\/span><\/div>\n<p>&nbsp;<\/p>\n<div><span style=\"color: #ffffff;\">\u2022 Gestion des acc\u00e8s &#8211; personne autoris\u00e9e<\/span><\/div>\n<div><span style=\"color: #ffffff;\">\u2022 Identifiant \/ mot de passe<\/span><\/div>\n<p>&nbsp;<\/p>\n<div><span style=\"color: #ffffff;\">Nous nous engageons \u00e0 maintenir un haut degr\u00e9 de confidentialit\u00e9 en int\u00e9grant les derni\u00e8res innovations technologiques permettant d\u2019assurer votre confidentialit\u00e9. Toutefois, comme aucun m\u00e9canisme n\u2019offre une s\u00e9curit\u00e9 maximale, une part de risque est toujours pr\u00e9sente lorsque l\u2019on utilise Internet pour transmettre des renseignements personnels.<\/span><\/div>\n<p>&nbsp;<\/p>\n<h3><span style=\"color: #ffffff;\">L\u00e9gislation<\/span><\/h3>\n<div><span style=\"color: #ffffff;\">Nous nous engageons \u00e0 respecter les dispositions l\u00e9gislatives \u00e9nonc\u00e9es dans la Loi 25.<\/span><\/div>\n<\/div>\t\t\t\t\t\t<\/div>\n\t\t\t\t<\/div>\n\t\t\t\t\t<\/div>\n\t\t<\/div>\n\t\t\t\t\t\t\t<\/div>\n\t\t<\/section>\n\t\t\t\t\t\t\t<\/div>\n\t\t","protected":false},"excerpt":{"rendered":"<p>Politique de confidentialit\u00e9 Introduction Devant le d\u00e9veloppement des nouveaux outils de communication, il est n\u00e9cessaire de porter une attention particuli\u00e8re \u00e0 la protection de la vie priv\u00e9e. C\u2019est pourquoi, nous nous engageons \u00e0 respecter la confidentialit\u00e9 des renseignements personnels que nous collectons. Collecte des renseignements personnels \u2022 Adresse \u00e9lectronique &nbsp; Les renseignements personnels que nous [&hellip;]<\/p>\n","protected":false},"author":1,"featured_media":0,"parent":0,"menu_order":0,"comment_status":"closed","ping_status":"closed","template":"","meta":{"footnotes":""},"class_list":["post-14165","page","type-page","status-publish","hentry"],"yoast_head":"<!-- This site is optimized with the Yoast SEO plugin v21.3 - https:\/\/yoast.com\/wordpress\/plugins\/seo\/ -->\n<title>Privacy policy - Pr\u00e9sent.es<\/title>\n<meta name=\"robots\" content=\"index, follow, max-snippet:-1, max-image-preview:large, max-video-preview:-1\" \/>\n<link rel=\"canonical\" href=\"https:\/\/present-es.com\/en\/privacy-policy\/\" \/>\n<meta property=\"og:locale\" content=\"en_US\" \/>\n<meta property=\"og:type\" content=\"article\" \/>\n<meta property=\"og:title\" content=\"Privacy policy - Pr\u00e9sent.es\" \/>\n<meta property=\"og:description\" content=\"Politique de confidentialit\u00e9 Introduction Devant le d\u00e9veloppement des nouveaux outils de communication, il est n\u00e9cessaire de porter une attention particuli\u00e8re \u00e0 la protection de la vie priv\u00e9e. C\u2019est pourquoi, nous nous engageons \u00e0 respecter la confidentialit\u00e9 des renseignements personnels que nous collectons. Collecte des renseignements personnels \u2022 Adresse \u00e9lectronique &nbsp; Les renseignements personnels que nous [&hellip;]\" \/>\n<meta property=\"og:url\" content=\"https:\/\/present-es.com\/en\/privacy-policy\/\" \/>\n<meta property=\"og:site_name\" content=\"Pr\u00e9sent.es\" \/>\n<meta property=\"article:publisher\" content=\"https:\/\/www.facebook.com\/IVPSAInitiative\" \/>\n<meta property=\"article:modified_time\" content=\"2023-10-11T21:50:57+00:00\" \/>\n<meta property=\"og:image\" content=\"https:\/\/present-es.com\/wp-content\/uploads\/2022\/09\/image-opengraph-ivpsa.png\" \/>\n\t<meta property=\"og:image:width\" content=\"1200\" \/>\n\t<meta property=\"og:image:height\" content=\"630\" \/>\n\t<meta property=\"og:image:type\" content=\"image\/png\" \/>\n<meta name=\"twitter:card\" content=\"summary_large_image\" \/>\n<meta name=\"twitter:label1\" content=\"Est. reading time\" \/>\n\t<meta name=\"twitter:data1\" content=\"2 minutes\" \/>\n<script type=\"application\/ld+json\" class=\"yoast-schema-graph\">{\"@context\":\"https:\/\/schema.org\",\"@graph\":[{\"@type\":\"WebPage\",\"@id\":\"https:\/\/present-es.com\/en\/privacy-policy\/\",\"url\":\"https:\/\/present-es.com\/en\/privacy-policy\/\",\"name\":\"Privacy policy - Pr\u00e9sent.es\",\"isPartOf\":{\"@id\":\"https:\/\/present-es.com\/#website\"},\"datePublished\":\"2023-10-11T21:36:54+00:00\",\"dateModified\":\"2023-10-11T21:50:57+00:00\",\"breadcrumb\":{\"@id\":\"https:\/\/present-es.com\/en\/privacy-policy\/#breadcrumb\"},\"inLanguage\":\"en-US\",\"potentialAction\":[{\"@type\":\"ReadAction\",\"target\":[\"https:\/\/present-es.com\/en\/privacy-policy\/\"]}]},{\"@type\":\"BreadcrumbList\",\"@id\":\"https:\/\/present-es.com\/en\/privacy-policy\/#breadcrumb\",\"itemListElement\":[{\"@type\":\"ListItem\",\"position\":1,\"name\":\"Home\",\"item\":\"https:\/\/present-es.com\/en\/\"},{\"@type\":\"ListItem\",\"position\":2,\"name\":\"Privacy policy\"}]},{\"@type\":\"WebSite\",\"@id\":\"https:\/\/present-es.com\/#website\",\"url\":\"https:\/\/present-es.com\/\",\"name\":\"Pr\u00e9sent.es\",\"description\":\"Institut sur le vieillissement et la participation sociale des ai\u0302ne\u0301s de l&#039;Universite\u0301 Laval\",\"publisher\":{\"@id\":\"https:\/\/present-es.com\/#organization\"},\"potentialAction\":[{\"@type\":\"SearchAction\",\"target\":{\"@type\":\"EntryPoint\",\"urlTemplate\":\"https:\/\/present-es.com\/?s={search_term_string}\"},\"query-input\":\"required name=search_term_string\"}],\"inLanguage\":\"en-US\"},{\"@type\":\"Organization\",\"@id\":\"https:\/\/present-es.com\/#organization\",\"name\":\"Pr\u00e9sent.es\",\"url\":\"https:\/\/present-es.com\/\",\"logo\":{\"@type\":\"ImageObject\",\"inLanguage\":\"en-US\",\"@id\":\"https:\/\/present-es.com\/#\/schema\/logo\/image\/\",\"url\":\"https:\/\/present-es.com\/wp-content\/uploads\/2022\/09\/logo-footer-ivpsa@2x.png\",\"contentUrl\":\"https:\/\/present-es.com\/wp-content\/uploads\/2022\/09\/logo-footer-ivpsa@2x.png\",\"width\":293,\"height\":56,\"caption\":\"Pr\u00e9sent.es\"},\"image\":{\"@id\":\"https:\/\/present-es.com\/#\/schema\/logo\/image\/\"},\"sameAs\":[\"https:\/\/www.facebook.com\/IVPSAInitiative\",\"https:\/\/www.youtube.com\/channel\/UCuYvj53S1ZObZ7-ahSeiM3A\"]}]}<\/script>\n<!-- \/ Yoast SEO plugin. -->","yoast_head_json":{"title":"Privacy policy - Pr\u00e9sent.es","robots":{"index":"index","follow":"follow","max-snippet":"max-snippet:-1","max-image-preview":"max-image-preview:large","max-video-preview":"max-video-preview:-1"},"canonical":"https:\/\/present-es.com\/en\/privacy-policy\/","og_locale":"en_US","og_type":"article","og_title":"Privacy policy - Pr\u00e9sent.es","og_description":"Politique de confidentialit\u00e9 Introduction Devant le d\u00e9veloppement des nouveaux outils de communication, il est n\u00e9cessaire de porter une attention particuli\u00e8re \u00e0 la protection de la vie priv\u00e9e. C\u2019est pourquoi, nous nous engageons \u00e0 respecter la confidentialit\u00e9 des renseignements personnels que nous collectons. Collecte des renseignements personnels \u2022 Adresse \u00e9lectronique &nbsp; Les renseignements personnels que nous [&hellip;]","og_url":"https:\/\/present-es.com\/en\/privacy-policy\/","og_site_name":"Pr\u00e9sent.es","article_publisher":"https:\/\/www.facebook.com\/IVPSAInitiative","article_modified_time":"2023-10-11T21:50:57+00:00","og_image":[{"width":1200,"height":630,"url":"https:\/\/present-es.com\/wp-content\/uploads\/2022\/09\/image-opengraph-ivpsa.png","type":"image\/png"}],"twitter_card":"summary_large_image","twitter_misc":{"Est. reading time":"2 minutes"},"schema":{"@context":"https:\/\/schema.org","@graph":[{"@type":"WebPage","@id":"https:\/\/present-es.com\/en\/privacy-policy\/","url":"https:\/\/present-es.com\/en\/privacy-policy\/","name":"Privacy policy - Pr\u00e9sent.es","isPartOf":{"@id":"https:\/\/present-es.com\/#website"},"datePublished":"2023-10-11T21:36:54+00:00","dateModified":"2023-10-11T21:50:57+00:00","breadcrumb":{"@id":"https:\/\/present-es.com\/en\/privacy-policy\/#breadcrumb"},"inLanguage":"en-US","potentialAction":[{"@type":"ReadAction","target":["https:\/\/present-es.com\/en\/privacy-policy\/"]}]},{"@type":"BreadcrumbList","@id":"https:\/\/present-es.com\/en\/privacy-policy\/#breadcrumb","itemListElement":[{"@type":"ListItem","position":1,"name":"Home","item":"https:\/\/present-es.com\/en\/"},{"@type":"ListItem","position":2,"name":"Privacy policy"}]},{"@type":"WebSite","@id":"https:\/\/present-es.com\/#website","url":"https:\/\/present-es.com\/","name":"Pr\u00e9sent.es","description":"Institut sur le vieillissement et la participation sociale des ai\u0302ne\u0301s de l&#039;Universite\u0301 Laval","publisher":{"@id":"https:\/\/present-es.com\/#organization"},"potentialAction":[{"@type":"SearchAction","target":{"@type":"EntryPoint","urlTemplate":"https:\/\/present-es.com\/?s={search_term_string}"},"query-input":"required name=search_term_string"}],"inLanguage":"en-US"},{"@type":"Organization","@id":"https:\/\/present-es.com\/#organization","name":"Pr\u00e9sent.es","url":"https:\/\/present-es.com\/","logo":{"@type":"ImageObject","inLanguage":"en-US","@id":"https:\/\/present-es.com\/#\/schema\/logo\/image\/","url":"https:\/\/present-es.com\/wp-content\/uploads\/2022\/09\/logo-footer-ivpsa@2x.png","contentUrl":"https:\/\/present-es.com\/wp-content\/uploads\/2022\/09\/logo-footer-ivpsa@2x.png","width":293,"height":56,"caption":"Pr\u00e9sent.es"},"image":{"@id":"https:\/\/present-es.com\/#\/schema\/logo\/image\/"},"sameAs":["https:\/\/www.facebook.com\/IVPSAInitiative","https:\/\/www.youtube.com\/channel\/UCuYvj53S1ZObZ7-ahSeiM3A"]}]}},"_links":{"self":[{"href":"https:\/\/present-es.com\/en\/wp-json\/wp\/v2\/pages\/14165","targetHints":{"allow":["GET"]}}],"collection":[{"href":"https:\/\/present-es.com\/en\/wp-json\/wp\/v2\/pages"}],"about":[{"href":"https:\/\/present-es.com\/en\/wp-json\/wp\/v2\/types\/page"}],"author":[{"embeddable":true,"href":"https:\/\/present-es.com\/en\/wp-json\/wp\/v2\/users\/1"}],"replies":[{"embeddable":true,"href":"https:\/\/present-es.com\/en\/wp-json\/wp\/v2\/comments?post=14165"}],"version-history":[{"count":1,"href":"https:\/\/present-es.com\/en\/wp-json\/wp\/v2\/pages\/14165\/revisions"}],"predecessor-version":[{"id":14166,"href":"https:\/\/present-es.com\/en\/wp-json\/wp\/v2\/pages\/14165\/revisions\/14166"}],"wp:attachment":[{"href":"https:\/\/present-es.com\/en\/wp-json\/wp\/v2\/media?parent=14165"}],"curies":[{"name":"wp","href":"https:\/\/api.w.org\/{rel}","templated":true}]}}